{"id":16,"date":"2021-01-22T10:57:15","date_gmt":"2021-01-22T09:57:15","guid":{"rendered":"https:\/\/www.strelnicazv.sk\/?page_id=16"},"modified":"2023-05-02T14:47:27","modified_gmt":"2023-05-02T12:47:27","slug":"news","status":"publish","type":"page","link":"https:\/\/www.strelnicazv.sk\/index.php\/news\/","title":{"rendered":"NOVINKY"},"content":{"rendered":"<div class=\"fusion-fullwidth fullwidth-box fusion-builder-row-1 fusion-flex-container nonhundred-percent-fullwidth non-hundred-percent-height-scrolling\" style=\"--awb-border-radius-top-left:0px;--awb-border-radius-top-right:0px;--awb-border-radius-bottom-right:0px;--awb-border-radius-bottom-left:0px;--awb-padding-top:30px;--awb-padding-bottom:90px;--awb-padding-top-small:0px;--awb-padding-bottom-small:30px;\" ><div class=\"fusion-builder-row fusion-row fusion-flex-align-items-flex-start fusion-flex-justify-content-center\" style=\"max-width:calc( 1200px + 80px );margin-left: calc(-80px \/ 2 );margin-right: calc(-80px \/ 2 );\"><div class=\"fusion-layout-column fusion_builder_column fusion-builder-column-0 fusion_builder_column_1_1 1_1 fusion-flex-column\" style=\"--awb-bg-size:cover;--awb-width-large:100%;--awb-margin-top-large:70px;--awb-spacing-right-large:40px;--awb-margin-bottom-large:20px;--awb-spacing-left-large:40px;--awb-width-medium:100%;--awb-order-medium:0;--awb-spacing-right-medium:40px;--awb-spacing-left-medium:40px;--awb-width-small:100%;--awb-order-small:0;--awb-spacing-right-small:40px;--awb-spacing-left-small:40px;\"><div class=\"fusion-column-wrapper fusion-column-has-shadow fusion-flex-justify-content-flex-start fusion-content-layout-column\"><div class=\"fusion-post-cards fusion-post-cards-1 fusion-delayed-animation fusion-grid-archive\" style=\"--awb-column-spacing:40px;--awb-columns:3;--awb-filters-alignment-medium:;--awb-filters-alignment-small:;\" data-animationType=\"fadeInDown\" data-animationDuration=\"1.0\" data-animationOffset=\"top-into-view\" data-animation-delay=\"0.6\"><div><ul class=\"fusion-filters\" role=\"menu\" aria-label=\"Post Filters\"><li role=\"presentation\" class=\"fusion-filter fusion-hidden fusion-active\"><a href=\"#\" data-filter=\".novinky\" role=\"menuitem\">Novinky<\/a><\/li><\/ul><\/div><ul class=\"fusion-grid fusion-grid-3 fusion-flex-align-items-stretch fusion-grid-posts-cards\"><li class=\"fusion-layout-column fusion_builder_column fusion-builder-column-1 fusion-flex-column post-card fusion-grid-column fusion-post-cards-grid-column novinky fusion-animated\" style=\"--awb-padding-top:35px;--awb-padding-right:35px;--awb-padding-bottom:35px;--awb-padding-left:35px;--awb-bg-color:var(--awb-color1);--awb-bg-size:cover;--awb-border-color:hsla(var(--awb-color8-h),var(--awb-color8-s),calc( var(--awb-color8-l) + 90% ),var(--awb-color8-a));--awb-border-top:1px;--awb-border-right:1px;--awb-border-bottom:1px;--awb-border-left:1px;--awb-border-style:solid;\"><div class=\"fusion-column-wrapper fusion-flex-justify-content-flex-start fusion-content-layout-column\"><div class=\"fusion-classic-product-image-wrapper fusion-woo-product-image fusion-post-card-image fusion-post-card-image-1\" data-layout=\"static\" style=\"--awb-margin-bottom:20px;\"><div  class=\"fusion-image-wrapper\" aria-haspopup=\"true\">\n\t\t\t\t\t\t\t<a href=\"https:\/\/www.strelnicazv.sk\/index.php\/2026\/04\/15\/brigada-25-04-2026\/\" aria-label=\"Brigada 25.04.2026\">\n\t\t\t\t\t\t\t<img decoding=\"async\" width=\"1243\" height=\"555\" src=\"data:image\/svg+xml,%3Csvg%20xmlns%3D%27http%3A%2F%2Fwww.w3.org%2F2000%2Fsvg%27%20width%3D%271243%27%20height%3D%27555%27%20viewBox%3D%270%200%201243%20555%27%3E%3Crect%20width%3D%271243%27%20height%3D%27555%27%20fill-opacity%3D%220%22%2F%3E%3C%2Fsvg%3E\" class=\"attachment-full size-full lazyload wp-post-image\" alt=\"banner-05\" data-orig-src=\"https:\/\/www.strelnicazv.sk\/wp-content\/uploads\/2021\/10\/banner-05.jpg\" \/>\t\t\t<\/a>\n\t\t\t\t\t\t\t<\/div>\n<\/div><div class=\"fusion-title title fusion-title-1 fusion-sep-none fusion-title-center fusion-title-text fusion-title-size-two\" style=\"--awb-font-size:20px;\"><h2 class=\"title-heading-center\" style=\"margin:0;font-size:1em;text-transform:capitalize;\"><a href=\"https:\/\/www.strelnicazv.sk\/index.php\/2026\/04\/15\/brigada-25-04-2026\/\" class=\"awb-custom-text-color awb-custom-text-hover-color\" target=\"_self\">Brigada 25.04.2026<\/a><\/h2><\/div><div class=\"fusion-separator\" style=\"align-self: center;margin-left: auto;margin-right: auto;margin-bottom:30px;width:100%;max-width:70px;\"><div class=\"fusion-separator-border sep-single sep-solid\" style=\"--awb-height:20px;--awb-amount:20px;--awb-sep-color:var(--awb-color4);border-color:var(--awb-color4);border-top-width:3px;\"><\/div><\/div><div class=\"fusion-text fusion-text-1 fusion-text-no-margin\" style=\"--awb-content-alignment:center;--awb-margin-bottom:20px;\"><p>Pozv\u00e1nka na brig\u00e1du: Poz\u00fdvame v\u00e1s na d\u00f4le\u017eit\u00fa brig\u00e1du, ktor\u00e1 sa [&hellip;]<\/p>\n<\/div><div class=\"fusion-separator fusion-full-width-sep\" style=\"align-self: center;margin-left: auto;margin-right: auto;flex-grow:1;width:100%;\"><\/div><div style=\"text-align:center;\"><a class=\"fusion-button button-flat fusion-button-default-size button-default fusion-button-default button-1 fusion-button-default-span fusion-button-default-type\" style=\"--button_margin-top:10px;\" target=\"_self\" href=\"https:\/\/www.strelnicazv.sk\/index.php\/2026\/04\/15\/brigada-25-04-2026\/\"><span class=\"fusion-button-text\">\u010c\u00edtaj viac<\/span><\/a><\/div><\/div><\/li>\n<li class=\"fusion-layout-column fusion_builder_column fusion-builder-column-2 fusion-flex-column post-card fusion-grid-column fusion-post-cards-grid-column novinky fusion-animated\" style=\"--awb-padding-top:35px;--awb-padding-right:35px;--awb-padding-bottom:35px;--awb-padding-left:35px;--awb-bg-color:var(--awb-color1);--awb-bg-size:cover;--awb-border-color:hsla(var(--awb-color8-h),var(--awb-color8-s),calc( var(--awb-color8-l) + 90% ),var(--awb-color8-a));--awb-border-top:1px;--awb-border-right:1px;--awb-border-bottom:1px;--awb-border-left:1px;--awb-border-style:solid;\"><div class=\"fusion-column-wrapper fusion-flex-justify-content-flex-start fusion-content-layout-column\"><div class=\"fusion-classic-product-image-wrapper fusion-woo-product-image fusion-post-card-image fusion-post-card-image-1\" data-layout=\"static\" style=\"--awb-margin-bottom:20px;\"><div  class=\"fusion-image-wrapper\" aria-haspopup=\"true\">\n\t\t\t\t\t\t\t<a href=\"https:\/\/www.strelnicazv.sk\/index.php\/2025\/11\/05\/kontrolne-strelby-2025\/\" aria-label=\"Kontrolne strelby 2025\">\n\t\t\t\t\t\t\t<img decoding=\"async\" width=\"1920\" height=\"998\" src=\"https:\/\/www.strelnicazv.sk\/wp-content\/uploads\/2023\/04\/Pistol-shooting-hero.jpg\" class=\"attachment-full size-full lazyload wp-post-image\" alt=\"\" srcset=\"data:image\/svg+xml,%3Csvg%20xmlns%3D%27http%3A%2F%2Fwww.w3.org%2F2000%2Fsvg%27%20width%3D%271920%27%20height%3D%27998%27%20viewBox%3D%270%200%201920%20998%27%3E%3Crect%20width%3D%271920%27%20height%3D%27998%27%20fill-opacity%3D%220%22%2F%3E%3C%2Fsvg%3E\" data-orig-src=\"https:\/\/www.strelnicazv.sk\/wp-content\/uploads\/2023\/04\/Pistol-shooting-hero.jpg\" data-srcset=\"https:\/\/www.strelnicazv.sk\/wp-content\/uploads\/2023\/04\/Pistol-shooting-hero-200x104.jpg 200w, https:\/\/www.strelnicazv.sk\/wp-content\/uploads\/2023\/04\/Pistol-shooting-hero-400x208.jpg 400w, https:\/\/www.strelnicazv.sk\/wp-content\/uploads\/2023\/04\/Pistol-shooting-hero-600x312.jpg 600w, https:\/\/www.strelnicazv.sk\/wp-content\/uploads\/2023\/04\/Pistol-shooting-hero-800x416.jpg 800w, https:\/\/www.strelnicazv.sk\/wp-content\/uploads\/2023\/04\/Pistol-shooting-hero-1200x624.jpg 1200w, https:\/\/www.strelnicazv.sk\/wp-content\/uploads\/2023\/04\/Pistol-shooting-hero.jpg 1920w\" data-sizes=\"auto\" \/>\t\t\t<\/a>\n\t\t\t\t\t\t\t<\/div>\n<\/div><div class=\"fusion-title title fusion-title-2 fusion-sep-none fusion-title-center fusion-title-text fusion-title-size-two\" style=\"--awb-font-size:20px;\"><h2 class=\"title-heading-center\" style=\"margin:0;font-size:1em;text-transform:capitalize;\"><a href=\"https:\/\/www.strelnicazv.sk\/index.php\/2025\/11\/05\/kontrolne-strelby-2025\/\" class=\"awb-custom-text-color awb-custom-text-hover-color\" target=\"_self\">Kontrolne strelby 2025<\/a><\/h2><\/div><div class=\"fusion-separator\" style=\"align-self: center;margin-left: auto;margin-right: auto;margin-bottom:30px;width:100%;max-width:70px;\"><div class=\"fusion-separator-border sep-single sep-solid\" style=\"--awb-height:20px;--awb-amount:20px;--awb-sep-color:var(--awb-color4);border-color:var(--awb-color4);border-top-width:3px;\"><\/div><\/div><div class=\"fusion-text fusion-text-2 fusion-text-no-margin\" style=\"--awb-content-alignment:center;--awb-margin-bottom:20px;\"><p>\u0160portov\u00fd streleck\u00fd klub SNP 0071V\u00e1s t\u00fdmto poz\u00fdva na KONTROLN\u00c9 STRELBY [&hellip;]<\/p>\n<\/div><div class=\"fusion-separator fusion-full-width-sep\" style=\"align-self: center;margin-left: auto;margin-right: auto;flex-grow:1;width:100%;\"><\/div><div style=\"text-align:center;\"><a class=\"fusion-button button-flat fusion-button-default-size button-default fusion-button-default button-2 fusion-button-default-span fusion-button-default-type\" style=\"--button_margin-top:10px;\" target=\"_self\" href=\"https:\/\/www.strelnicazv.sk\/index.php\/2025\/11\/05\/kontrolne-strelby-2025\/\"><span class=\"fusion-button-text\">\u010c\u00edtaj viac<\/span><\/a><\/div><\/div><\/li>\n<li class=\"fusion-layout-column fusion_builder_column fusion-builder-column-3 fusion-flex-column post-card fusion-grid-column fusion-post-cards-grid-column novinky fusion-animated\" style=\"--awb-padding-top:35px;--awb-padding-right:35px;--awb-padding-bottom:35px;--awb-padding-left:35px;--awb-bg-color:var(--awb-color1);--awb-bg-size:cover;--awb-border-color:hsla(var(--awb-color8-h),var(--awb-color8-s),calc( var(--awb-color8-l) + 90% ),var(--awb-color8-a));--awb-border-top:1px;--awb-border-right:1px;--awb-border-bottom:1px;--awb-border-left:1px;--awb-border-style:solid;\"><div class=\"fusion-column-wrapper fusion-flex-justify-content-flex-start fusion-content-layout-column\"><div class=\"fusion-classic-product-image-wrapper fusion-woo-product-image fusion-post-card-image fusion-post-card-image-1\" data-layout=\"static\" style=\"--awb-margin-bottom:20px;\"><div  class=\"fusion-image-wrapper\" aria-haspopup=\"true\">\n\t\t\t\t\t\t\t<a href=\"https:\/\/www.strelnicazv.sk\/index.php\/2023\/04\/03\/vyrocna-schodza-2023\/\" aria-label=\"V\u00fdro\u010dn\u00e1 sch\u00f4dza 2026\">\n\t\t\t\t\t\t\t<img decoding=\"async\" width=\"2056\" height=\"1128\" src=\"https:\/\/www.strelnicazv.sk\/wp-content\/uploads\/2023\/04\/Snimka-obrazovky-2023-04-27-o-10.55.56.png\" class=\"attachment-full size-full lazyload wp-post-image\" alt=\"\" srcset=\"data:image\/svg+xml,%3Csvg%20xmlns%3D%27http%3A%2F%2Fwww.w3.org%2F2000%2Fsvg%27%20width%3D%272056%27%20height%3D%271128%27%20viewBox%3D%270%200%202056%201128%27%3E%3Crect%20width%3D%272056%27%20height%3D%271128%27%20fill-opacity%3D%220%22%2F%3E%3C%2Fsvg%3E\" data-orig-src=\"https:\/\/www.strelnicazv.sk\/wp-content\/uploads\/2023\/04\/Snimka-obrazovky-2023-04-27-o-10.55.56.png\" data-srcset=\"https:\/\/www.strelnicazv.sk\/wp-content\/uploads\/2023\/04\/Snimka-obrazovky-2023-04-27-o-10.55.56-200x110.png 200w, https:\/\/www.strelnicazv.sk\/wp-content\/uploads\/2023\/04\/Snimka-obrazovky-2023-04-27-o-10.55.56-400x219.png 400w, https:\/\/www.strelnicazv.sk\/wp-content\/uploads\/2023\/04\/Snimka-obrazovky-2023-04-27-o-10.55.56-600x329.png 600w, https:\/\/www.strelnicazv.sk\/wp-content\/uploads\/2023\/04\/Snimka-obrazovky-2023-04-27-o-10.55.56-800x439.png 800w, https:\/\/www.strelnicazv.sk\/wp-content\/uploads\/2023\/04\/Snimka-obrazovky-2023-04-27-o-10.55.56-1200x658.png 1200w, https:\/\/www.strelnicazv.sk\/wp-content\/uploads\/2023\/04\/Snimka-obrazovky-2023-04-27-o-10.55.56.png 2056w\" data-sizes=\"auto\" \/>\t\t\t<\/a>\n\t\t\t\t\t\t\t<\/div>\n<\/div><div class=\"fusion-title title fusion-title-3 fusion-sep-none fusion-title-center fusion-title-text fusion-title-size-two\" style=\"--awb-font-size:20px;\"><h2 class=\"title-heading-center\" style=\"margin:0;font-size:1em;text-transform:capitalize;\"><a href=\"https:\/\/www.strelnicazv.sk\/index.php\/2023\/04\/03\/vyrocna-schodza-2023\/\" class=\"awb-custom-text-color awb-custom-text-hover-color\" target=\"_self\">V\u00fdro\u010dn\u00e1 sch\u00f4dza 2026<\/a><\/h2><\/div><div class=\"fusion-separator\" style=\"align-self: center;margin-left: auto;margin-right: auto;margin-bottom:30px;width:100%;max-width:70px;\"><div class=\"fusion-separator-border sep-single sep-solid\" style=\"--awb-height:20px;--awb-amount:20px;--awb-sep-color:var(--awb-color4);border-color:var(--awb-color4);border-top-width:3px;\"><\/div><\/div><div class=\"fusion-text fusion-text-3 fusion-text-no-margin\" style=\"--awb-content-alignment:center;--awb-margin-bottom:20px;\"><p>V\u00e1\u017een\u00ed \u010dlenovia, srde\u010dne V\u00e1s poz\u00fdvame na v\u00fdro\u010dn\u00fa sch\u00f4dzu Streleck\u00e9ho klubu [&hellip;]<\/p>\n<\/div><div class=\"fusion-separator fusion-full-width-sep\" style=\"align-self: center;margin-left: auto;margin-right: auto;flex-grow:1;width:100%;\"><\/div><div style=\"text-align:center;\"><a class=\"fusion-button button-flat fusion-button-default-size button-default fusion-button-default button-3 fusion-button-default-span fusion-button-default-type\" style=\"--button_margin-top:10px;\" target=\"_self\" href=\"https:\/\/www.strelnicazv.sk\/index.php\/2023\/04\/03\/vyrocna-schodza-2023\/\"><span class=\"fusion-button-text\">\u010c\u00edtaj viac<\/span><\/a><\/div><\/div><\/li>\n<\/ul><\/div><\/div><\/div><\/div><\/div>\n","protected":false},"excerpt":{"rendered":"","protected":false},"author":1,"featured_media":0,"parent":0,"menu_order":0,"comment_status":"closed","ping_status":"closed","template":"100-width.php","meta":{"footnotes":""},"class_list":["post-16","page","type-page","status-publish","hentry"],"_links":{"self":[{"href":"https:\/\/www.strelnicazv.sk\/index.php\/wp-json\/wp\/v2\/pages\/16","targetHints":{"allow":["GET"]}}],"collection":[{"href":"https:\/\/www.strelnicazv.sk\/index.php\/wp-json\/wp\/v2\/pages"}],"about":[{"href":"https:\/\/www.strelnicazv.sk\/index.php\/wp-json\/wp\/v2\/types\/page"}],"author":[{"embeddable":true,"href":"https:\/\/www.strelnicazv.sk\/index.php\/wp-json\/wp\/v2\/users\/1"}],"replies":[{"embeddable":true,"href":"https:\/\/www.strelnicazv.sk\/index.php\/wp-json\/wp\/v2\/comments?post=16"}],"version-history":[{"count":6,"href":"https:\/\/www.strelnicazv.sk\/index.php\/wp-json\/wp\/v2\/pages\/16\/revisions"}],"predecessor-version":[{"id":2064,"href":"https:\/\/www.strelnicazv.sk\/index.php\/wp-json\/wp\/v2\/pages\/16\/revisions\/2064"}],"wp:attachment":[{"href":"https:\/\/www.strelnicazv.sk\/index.php\/wp-json\/wp\/v2\/media?parent=16"}],"curies":[{"name":"wp","href":"https:\/\/api.w.org\/{rel}","templated":true}]}}